{"id":4400,"date":"2021-10-12T15:51:09","date_gmt":"2021-10-12T13:51:09","guid":{"rendered":"http:\/\/dummy.xtemos.com\/woodmart2\/elementor\/?page_id=4400"},"modified":"2024-01-17T10:52:25","modified_gmt":"2024-01-17T09:52:25","slug":"a-propos-de-nous","status":"publish","type":"page","link":"https:\/\/athiastyle.groprotex.com\/index.php\/a-propos-de-nous\/","title":{"rendered":"A Propos de Nous"},"content":{"rendered":"\t\t<div data-elementor-type=\"wp-page\" data-elementor-id=\"4400\" class=\"elementor elementor-4400\">\n\t\t\t\t\t\t\t\t\t<section class=\"wd-negative-gap elementor-section elementor-top-section elementor-element elementor-element-3c548bca elementor-reverse-tablet elementor-reverse-mobile elementor-section-boxed elementor-section-height-default elementor-section-height-default wd-section-disabled\" data-id=\"3c548bca\" data-element_type=\"section\">\n\t\t\t\t\t\t<div class=\"elementor-container elementor-column-gap-default\">\n\t\t\t\t\t<div class=\"elementor-column elementor-col-50 elementor-top-column elementor-element elementor-element-1d354ed7\" data-id=\"1d354ed7\" data-element_type=\"column\">\n\t\t\t<div class=\"elementor-widget-wrap elementor-element-populated\">\n\t\t\t\t\t\t\t\t<div class=\"elementor-element elementor-element-3b8f1c6 elementor-widget elementor-widget-wd_image_or_svg\" data-id=\"3b8f1c6\" data-element_type=\"widget\" data-widget_type=\"wd_image_or_svg.default\">\n\t\t\t\t<div class=\"elementor-widget-container\">\n\t\t\t\n\t\t<div class=\"wd-image text-left\">\n\t\t\t\t\t\t\t\t<img fetchpriority=\"high\" width=\"580\" height=\"580\" src=\"https:\/\/athiastyle.groprotex.com\/wp-content\/uploads\/2023\/11\/A-propos-Athia-Style-1.jpg\" class=\"attachment-full size-full\" alt=\"\" decoding=\"async\" srcset=\"https:\/\/athiastyle.groprotex.com\/wp-content\/uploads\/2023\/11\/A-propos-Athia-Style-1.jpg 580w, https:\/\/athiastyle.groprotex.com\/wp-content\/uploads\/2023\/11\/A-propos-Athia-Style-1-300x300.jpg 300w, https:\/\/athiastyle.groprotex.com\/wp-content\/uploads\/2023\/11\/A-propos-Athia-Style-1-150x150.jpg 150w, https:\/\/athiastyle.groprotex.com\/wp-content\/uploads\/2023\/11\/A-propos-Athia-Style-1-430x430.jpg 430w\" sizes=\"(max-width: 580px) 100vw, 580px\" \/>\t\t\t\t\t<\/div>\n\n\t\t\t\t<\/div>\n\t\t\t\t<\/div>\n\t\t\t\t\t<\/div>\n\t\t<\/div>\n\t\t\t\t<div class=\"elementor-column elementor-col-50 elementor-top-column elementor-element elementor-element-7a9daa7\" data-id=\"7a9daa7\" data-element_type=\"column\">\n\t\t\t<div class=\"elementor-widget-wrap elementor-element-populated\">\n\t\t\t\t\t\t\t\t<div class=\"elementor-element elementor-element-18566191 elementor-widget elementor-widget-wd_title\" data-id=\"18566191\" data-element_type=\"widget\" data-widget_type=\"wd_title.default\">\n\t\t\t\t<div class=\"elementor-widget-container\">\n\t\t\t\t\t<div class=\"title-wrapper set-mb-s reset-last-child wd-title-color-primary wd-title-style-default wd-title-size-large text-left\">\n\n\t\t\t\t\t\t\t<div class=\"title-subtitle subtitle-color-primary subtitle-style-default wd-fontsize-xs\">\n\t\t\t\t\tATHIA STYLE\t\t\t\t<\/div>\n\t\t\t\n\t\t\t<div class=\"liner-continer\">\n\t\t\t\t<h4 class=\"woodmart-title-container title wd-fontsize-xxl\">A propos de nous<\/h4> \n\t\t\t\t\t\t\t<\/div>\n\n\t\t\t\t\t\t\t<div class=\"title-after_title set-cont-mb-s reset-last-child wd-fontsize-s\">\n\t\t\t\t\t<p><em>Ayant d\u00e9but\u00e9e par la vente de tissu, c\u2019est en 2010 qu\u2019A\u00efssata Mamadou Mbaye d\u00e9cide de se lancer dans la couture en sous-traitant avec des tailleurs de la place. .<\/em><\/p>\t\t\t\t<\/div>\n\t\t\t\t\t<\/div>\n\t\t\t\t<\/div>\n\t\t\t\t<\/div>\n\t\t\t\t<div class=\"elementor-element elementor-element-cf34ae6 elementor-widget elementor-widget-wd_text_block\" data-id=\"cf34ae6\" data-element_type=\"widget\" data-widget_type=\"wd_text_block.default\">\n\t\t\t\t<div class=\"elementor-widget-container\">\n\t\t\t\t\t<div class=\"wd-text-block reset-last-child text-left\">\n\t\t\t\n\t\t\t<p class=\"p1\">Cependant avec les r\u00e9currentes coupures de courant avant l\u2019av\u00e8nement du Plan TAKAL, elle d\u00e9cida de prendre un local aux HLM dans un lieu o\u00f9 les coupures \u00e9taient rares. C\u2019est l\u00e0 qu\u2019elle a acquis sa premi\u00e8re machine et c\u2019est ainsi qu\u2019est n\u00e9e la marque ATHIA STYLE.<\/p><p class=\"p1\">Aujourd\u2019hui install\u00e9e au march\u00e9 HLM, ATHIA STYLE est une marque qui gagne en notori\u00e9t\u00e9 et qui propose de magnifiques mod\u00e8les aux femmes dans les quatre coins du monde.<\/p>\n\t\t\t\t\t<\/div>\n\t\t\t\t<\/div>\n\t\t\t\t<\/div>\n\t\t\t\t\t<\/div>\n\t\t<\/div>\n\t\t\t\t\t\t\t<\/div>\n\t\t<\/section>\n\t\t\t\t\t\t\t<\/div>\n\t\t","protected":false},"excerpt":{"rendered":"<p>ATHIA STYLE A propos de nous Ayant d\u00e9but\u00e9e par la vente de tissu, c\u2019est en 2010 qu\u2019A\u00efssata Mamadou Mbaye d\u00e9cide<\/p>\n","protected":false},"author":1,"featured_media":0,"parent":0,"menu_order":0,"comment_status":"closed","ping_status":"closed","template":"","meta":{"footnotes":""},"jetpack_sharing_enabled":true,"_links":{"self":[{"href":"https:\/\/athiastyle.groprotex.com\/index.php\/wp-json\/wp\/v2\/pages\/4400"}],"collection":[{"href":"https:\/\/athiastyle.groprotex.com\/index.php\/wp-json\/wp\/v2\/pages"}],"about":[{"href":"https:\/\/athiastyle.groprotex.com\/index.php\/wp-json\/wp\/v2\/types\/page"}],"author":[{"embeddable":true,"href":"https:\/\/athiastyle.groprotex.com\/index.php\/wp-json\/wp\/v2\/users\/1"}],"replies":[{"embeddable":true,"href":"https:\/\/athiastyle.groprotex.com\/index.php\/wp-json\/wp\/v2\/comments?post=4400"}],"version-history":[{"count":4,"href":"https:\/\/athiastyle.groprotex.com\/index.php\/wp-json\/wp\/v2\/pages\/4400\/revisions"}],"predecessor-version":[{"id":15763,"href":"https:\/\/athiastyle.groprotex.com\/index.php\/wp-json\/wp\/v2\/pages\/4400\/revisions\/15763"}],"wp:attachment":[{"href":"https:\/\/athiastyle.groprotex.com\/index.php\/wp-json\/wp\/v2\/media?parent=4400"}],"curies":[{"name":"wp","href":"https:\/\/api.w.org\/{rel}","templated":true}]}}